{"id":6621,"date":"2019-11-05T15:09:21","date_gmt":"2019-11-05T15:09:21","guid":{"rendered":"https:\/\/stemwomen.eu\/initiatives-stem\/"},"modified":"2023-02-06T16:06:50","modified_gmt":"2023-02-06T16:06:50","slug":"iniciativas-stem","status":"publish","type":"page","link":"https:\/\/www.stemwomen.eu\/en\/iniciativas-stem\/","title":{"rendered":"Iniciativas STEM"},"content":{"rendered":"<section class=\"l-section wpb_row height_medium with_img parallax_ver\"><div class=\"l-section-img\" role=\"img\" data-img-width=\"1373\" data-img-height=\"783\" style=\"background-image: url(https:\/\/www.stemwomen.eu\/wp-content\/uploads\/2022\/04\/ondas-1.png);background-repeat: no-repeat;\"><\/div><div class=\"l-section-overlay\" style=\"background:rgba(255,255,255,0.60)\"><\/div><div class=\"l-section-h i-cf\"><div class=\"g-cols vc_row via_grid cols_1-4-1 laptops-cols_inherit tablets-cols_inherit mobiles-cols_1 valign_middle type_default stacking_default\" style=\"--gap:calc(3rem + 35);\"><div class=\"wpb_column vc_column_container us_custom_b0b45fcf\"><div class=\"vc_column-inner\"><\/div><\/div><div class=\"wpb_column vc_column_container us_custom_a05542c7\"><div class=\"vc_column-inner\"><div class=\"wpb_text_column\"><div class=\"wpb_wrapper\"><h2 style=\"text-align: center;\">What is being done to motivate female talent in the STEM field?<\/h2>\n<\/div><\/div><\/div><\/div><div class=\"wpb_column vc_column_container\"><div class=\"vc_column-inner\"><\/div><\/div><\/div><\/div><\/section><section class=\"l-section wpb_row height_medium width_full\"><div class=\"l-section-h i-cf\"><div class=\"g-cols vc_row via_grid cols_1 laptops-cols_inherit tablets-cols_inherit mobiles-cols_1 valign_top type_default stacking_default\"><div class=\"wpb_column vc_column_container\"><div class=\"vc_column-inner\"><div class=\"w-grid type_grid layout_9341 cols_4 with_css_animation ratio_1x1\" id=\"us_grid_1\" style=\"--gap:0.2rem;\" data-filterable=\"true\"><style>@media (max-width:1280px){#us_grid_1 .w-grid-item{width:33.3333%}#us_grid_1 .w-grid-item.size_2x1,#us_grid_1 .w-grid-item.size_2x2{width:66.6667%}}@media (max-width:1024px){#us_grid_1 .w-grid-item{width:50%}#us_grid_1 .w-grid-item.size_2x1,#us_grid_1 .w-grid-item.size_2x2{width:100%}}@media (max-width:600px){#us_grid_1 .w-grid-list{margin:0}#us_grid_1 .w-grid-item{width:100%;padding:0;margin-bottom:var(--gap,0px)}}.layout_9341 .w-grid-item-h:before{padding-bottom:100%}@media (min-width:601px){.layout_9341 .w-grid-item.size_1x2 .w-grid-item-h:before{padding-bottom:calc(200% + var(--gap,0px) * 2)}.layout_9341 .w-grid-item.size_2x1 .w-grid-item-h:before{padding-bottom:calc(50% - var(--gap,0px) * 1)}.layout_9341 .w-grid-item.size_2x2 .w-grid-item-h:before{padding-bottom:calc(100% - var(--gap,0px) * 0)}}.layout_9341 .w-grid-item-h{background:linear-gradient(145deg,#e95095,#32c0fc)}.layout_9341 .usg_post_image_1{transition-duration:0.35s;transform-origin:50% 50%;transform:scale(1) translate(0,0)}.layout_9341 .w-grid-item-h:hover .usg_post_image_1{transform:scale(1.1) translate(0,0);opacity:0.1}.layout_9341 .usg_post_image_1{position:absolute!important;top:0!important;right:0!important;bottom:0!important;left:0!important}.layout_9341 .usg_vwrapper_1{position:absolute!important;right:0!important;bottom:0!important;left:0!important;background:linear-gradient(transparent,rgba(30,30,30,0.8))!important;padding:4rem 2rem 1.5rem 2rem!important}.layout_9341 .usg_post_title_1{color:#fff!important;font-size:1.2rem!important}.layout_9341 .usg_post_taxonomy_1{color:#ffffff!important;font-size:0.9rem!important}<\/style><div class=\"w-grid-list\">\t<article class=\"w-grid-item us_animate_afc size_1x1 post-15459 post type-post status-publish format-standard has-post-thumbnail hentry category-congreso-en\" data-id=\"15459\" style=\"animation-delay:0s\">\r\n\t\t<div class=\"w-grid-item-h\">\r\n\t\t\t\t\t\t\t<a href=\"https:\/\/www.stemwomen.eu\/en\/stem-women-congress-celebrates-its-third-edition-in-madrid\/\" class=\"w-grid-item-anchor\" aria-label=\"STEM WOMEN CONGRESS celebrates its third edition in Madrid\"><\/a>\r\n\t\t\t\t\t\t<div class=\"w-post-elm post_image usg_post_image_1 stretched\"><img loading=\"lazy\" decoding=\"async\" width=\"1024\" height=\"682\" src=\"https:\/\/www.stemwomen.eu\/wp-content\/uploads\/2026\/02\/madrid-2025-1024x682.jpeg\" class=\"attachment-large size-large wp-post-image\" alt=\"\" srcset=\"https:\/\/www.stemwomen.eu\/wp-content\/uploads\/2026\/02\/madrid-2025-1024x682.jpeg 1024w, https:\/\/www.stemwomen.eu\/wp-content\/uploads\/2026\/02\/madrid-2025-300x200.jpeg 300w, https:\/\/www.stemwomen.eu\/wp-content\/uploads\/2026\/02\/madrid-2025.jpeg 1600w\" sizes=\"auto, (max-width: 1024px) 100vw, 1024px\" \/><\/div><div class=\"w-vwrapper usg_vwrapper_1 align_none valign_top\"><h2 class=\"w-post-elm post_title usg_post_title_1 has_text_color entry-title color_link_inherit\">STEM WOMEN CONGRESS celebrates its third edition in Madrid<\/h2><div class=\"w-post-elm post_taxonomy usg_post_taxonomy_1 has_text_color style_simple color_link_inherit\"><a class=\"term-813 term-congreso-en\" href=\"https:\/\/www.stemwomen.eu\/en\/category\/congreso-en\/\">congreso<\/a><\/div><\/div>\t\t<\/div>\r\n\t\t\t<\/article>\r\n\t<article class=\"w-grid-item us_animate_afc size_1x1 post-15453 post type-post status-publish format-standard has-post-thumbnail hentry category-congreso-en\" data-id=\"15453\" style=\"animation-delay:0.1s\">\r\n\t\t<div class=\"w-grid-item-h\">\r\n\t\t\t\t\t\t\t<a href=\"https:\/\/www.stemwomen.eu\/en\/the-swc-celebrates-its-6th-edition-in-barcelona-with-a-special-focus-on-early-childhood-education\/\" class=\"w-grid-item-anchor\" aria-label=\"The SWC celebrates its 6th edition in Barcelona with a special focus on early childhood education\"><\/a>\r\n\t\t\t\t\t\t<div class=\"w-post-elm post_image usg_post_image_1 stretched\"><img loading=\"lazy\" decoding=\"async\" width=\"1024\" height=\"683\" src=\"https:\/\/www.stemwomen.eu\/wp-content\/uploads\/2026\/02\/WEB_NOTICIA-15.png\" class=\"attachment-large size-large wp-post-image\" alt=\"\" srcset=\"https:\/\/www.stemwomen.eu\/wp-content\/uploads\/2026\/02\/WEB_NOTICIA-15.png 1024w, https:\/\/www.stemwomen.eu\/wp-content\/uploads\/2026\/02\/WEB_NOTICIA-15-300x200.png 300w\" sizes=\"auto, (max-width: 1024px) 100vw, 1024px\" \/><\/div><div class=\"w-vwrapper usg_vwrapper_1 align_none valign_top\"><h2 class=\"w-post-elm post_title usg_post_title_1 has_text_color entry-title color_link_inherit\">The SWC celebrates its 6th edition in Barcelona with a special focus on early childhood education<\/h2><div class=\"w-post-elm post_taxonomy usg_post_taxonomy_1 has_text_color style_simple color_link_inherit\"><a class=\"term-813 term-congreso-en\" href=\"https:\/\/www.stemwomen.eu\/en\/category\/congreso-en\/\">congreso<\/a><\/div><\/div>\t\t<\/div>\r\n\t\t\t<\/article>\r\n\t<article class=\"w-grid-item us_animate_afc size_1x1 post-15448 post type-post status-publish format-standard has-post-thumbnail hentry category-congreso-en\" data-id=\"15448\" style=\"animation-delay:0.2s\">\r\n\t\t<div class=\"w-grid-item-h\">\r\n\t\t\t\t\t\t\t<a href=\"https:\/\/www.stemwomen.eu\/en\/success-of-the-stem-women-congress-in-its-second-edition-in-madrid\/\" class=\"w-grid-item-anchor\" aria-label=\"Success of the STEM WOMEN CONGRESS in its second edition in Madrid\"><\/a>\r\n\t\t\t\t\t\t<div class=\"w-post-elm post_image usg_post_image_1 stretched\"><img loading=\"lazy\" decoding=\"async\" width=\"1024\" height=\"683\" src=\"https:\/\/www.stemwomen.eu\/wp-content\/uploads\/2026\/02\/53717626246_486d5ad8fd_k-1024x683.jpg\" class=\"attachment-large size-large wp-post-image\" alt=\"\" srcset=\"https:\/\/www.stemwomen.eu\/wp-content\/uploads\/2026\/02\/53717626246_486d5ad8fd_k-1024x683.jpg 1024w, https:\/\/www.stemwomen.eu\/wp-content\/uploads\/2026\/02\/53717626246_486d5ad8fd_k-300x200.jpg 300w, https:\/\/www.stemwomen.eu\/wp-content\/uploads\/2026\/02\/53717626246_486d5ad8fd_k.jpg 2048w\" sizes=\"auto, (max-width: 1024px) 100vw, 1024px\" \/><\/div><div class=\"w-vwrapper usg_vwrapper_1 align_none valign_top\"><h2 class=\"w-post-elm post_title usg_post_title_1 has_text_color entry-title color_link_inherit\">Success of the STEM WOMEN CONGRESS in its second edition in Madrid<\/h2><div class=\"w-post-elm post_taxonomy usg_post_taxonomy_1 has_text_color style_simple color_link_inherit\"><a class=\"term-813 term-congreso-en\" href=\"https:\/\/www.stemwomen.eu\/en\/category\/congreso-en\/\">congreso<\/a><\/div><\/div>\t\t<\/div>\r\n\t\t\t<\/article>\r\n\t<article class=\"w-grid-item us_animate_afc size_1x1 post-15435 post type-post status-publish format-standard has-post-thumbnail hentry category-congreso-en\" data-id=\"15435\" style=\"animation-delay:0.3s\">\r\n\t\t<div class=\"w-grid-item-h\">\r\n\t\t\t\t\t\t\t<a href=\"https:\/\/www.stemwomen.eu\/en\/success-of-the-stem-women-congress-in-its-fifth-edition-in-barcelona\/\" class=\"w-grid-item-anchor\" aria-label=\"Success of the STEM WOMEN CONGRESS in its fifth edition in Barcelona\"><\/a>\r\n\t\t\t\t\t\t<div class=\"w-post-elm post_image usg_post_image_1 stretched\"><img loading=\"lazy\" decoding=\"async\" width=\"800\" height=\"533\" src=\"https:\/\/www.stemwomen.eu\/wp-content\/uploads\/2026\/02\/guanyadora-23-bcn2.jpg\" class=\"attachment-large size-large wp-post-image\" alt=\"\" srcset=\"https:\/\/www.stemwomen.eu\/wp-content\/uploads\/2026\/02\/guanyadora-23-bcn2.jpg 800w, https:\/\/www.stemwomen.eu\/wp-content\/uploads\/2026\/02\/guanyadora-23-bcn2-300x200.jpg 300w\" sizes=\"auto, (max-width: 800px) 100vw, 800px\" \/><\/div><div class=\"w-vwrapper usg_vwrapper_1 align_none valign_top\"><h2 class=\"w-post-elm post_title usg_post_title_1 has_text_color entry-title color_link_inherit\">Success of the STEM WOMEN CONGRESS in its fifth edition in Barcelona<\/h2><div class=\"w-post-elm post_taxonomy usg_post_taxonomy_1 has_text_color style_simple color_link_inherit\"><a class=\"term-813 term-congreso-en\" href=\"https:\/\/www.stemwomen.eu\/en\/category\/congreso-en\/\">congreso<\/a><\/div><\/div>\t\t<\/div>\r\n\t\t\t<\/article>\r\n\t<article class=\"w-grid-item us_animate_afc size_1x1 post-12363 post type-post status-publish format-standard has-post-thumbnail hentry category-blog-en tag-ghana-en tag-inspiracion-en tag-inspiration tag-proyectos-en tag-stem-en\" data-id=\"12363\" style=\"animation-delay:0.4s\">\r\n\t\t<div class=\"w-grid-item-h\">\r\n\t\t\t\t\t\t\t<a href=\"https:\/\/www.stemwomen.eu\/en\/stem-women-congress-y-pamepi-women-in-tech-ghana-orientan-a-estudiantes-para-impulsar-proyectos-empresariales\/\" class=\"w-grid-item-anchor\" aria-label=\"STEM Women Congress and Women in Tech Ghana guide students to promote business projects\"><\/a>\r\n\t\t\t\t\t\t<div class=\"w-post-elm post_image usg_post_image_1 stretched\"><img loading=\"lazy\" decoding=\"async\" width=\"1024\" height=\"555\" src=\"https:\/\/www.stemwomen.eu\/wp-content\/uploads\/2023\/06\/Captura-de-pantalla-2023-06-02-a-las-11.19.28-1024x555.png\" class=\"attachment-large size-large wp-post-image\" alt=\"\" srcset=\"https:\/\/www.stemwomen.eu\/wp-content\/uploads\/2023\/06\/Captura-de-pantalla-2023-06-02-a-las-11.19.28-1024x555.png 1024w, https:\/\/www.stemwomen.eu\/wp-content\/uploads\/2023\/06\/Captura-de-pantalla-2023-06-02-a-las-11.19.28-300x163.png 300w, https:\/\/www.stemwomen.eu\/wp-content\/uploads\/2023\/06\/Captura-de-pantalla-2023-06-02-a-las-11.19.28.png 1665w\" sizes=\"auto, (max-width: 1024px) 100vw, 1024px\" \/><\/div><div class=\"w-vwrapper usg_vwrapper_1 align_none valign_top\"><h2 class=\"w-post-elm post_title usg_post_title_1 has_text_color entry-title color_link_inherit\">STEM Women Congress and Women in Tech Ghana guide students to promote business projects<\/h2><div class=\"w-post-elm post_taxonomy usg_post_taxonomy_1 has_text_color style_simple color_link_inherit\"><a class=\"term-327 term-blog-en\" href=\"https:\/\/www.stemwomen.eu\/en\/category\/blog-en\/\">Blog<\/a><\/div><\/div>\t\t<\/div>\r\n\t\t\t<\/article>\r\n\t<article class=\"w-grid-item us_animate_afc size_1x1 post-15427 post type-post status-publish format-standard has-post-thumbnail hentry category-congreso-en\" data-id=\"15427\" style=\"animation-delay:0.5s\">\r\n\t\t<div class=\"w-grid-item-h\">\r\n\t\t\t\t\t\t\t<a href=\"https:\/\/www.stemwomen.eu\/en\/the-swc-fills-the-cosmocaixa-auditorium-in-barcelona-to-reivindicate-the-female-presence-in-the-fields-of-stem\/\" class=\"w-grid-item-anchor\" aria-label=\"The SWC fills the CosmoCaixa auditorium in Barcelona to reivindicate the female presence in the fields of STEM\"><\/a>\r\n\t\t\t\t\t\t<div class=\"w-post-elm post_image usg_post_image_1 stretched\"><img loading=\"lazy\" decoding=\"async\" width=\"800\" height=\"533\" src=\"https:\/\/www.stemwomen.eu\/wp-content\/uploads\/2026\/02\/R9A2848.jpg\" class=\"attachment-large size-large wp-post-image\" alt=\"\" srcset=\"https:\/\/www.stemwomen.eu\/wp-content\/uploads\/2026\/02\/R9A2848.jpg 800w, https:\/\/www.stemwomen.eu\/wp-content\/uploads\/2026\/02\/R9A2848-300x200.jpg 300w\" sizes=\"auto, (max-width: 800px) 100vw, 800px\" \/><\/div><div class=\"w-vwrapper usg_vwrapper_1 align_none valign_top\"><h2 class=\"w-post-elm post_title usg_post_title_1 has_text_color entry-title color_link_inherit\">The SWC fills the CosmoCaixa auditorium in Barcelona to reivindicate the female presence in the fields of STEM<\/h2><div class=\"w-post-elm post_taxonomy usg_post_taxonomy_1 has_text_color style_simple color_link_inherit\"><a class=\"term-813 term-congreso-en\" href=\"https:\/\/www.stemwomen.eu\/en\/category\/congreso-en\/\">congreso<\/a><\/div><\/div>\t\t<\/div>\r\n\t\t\t<\/article>\r\n\t<article class=\"w-grid-item us_animate_afc size_1x1 post-15419 post type-post status-publish format-standard has-post-thumbnail hentry category-congreso-en\" data-id=\"15419\" style=\"animation-delay:0.6s\">\r\n\t\t<div class=\"w-grid-item-h\">\r\n\t\t\t\t\t\t\t<a href=\"https:\/\/www.stemwomen.eu\/en\/stem-initiatives-impact-only-1-of-the-total-population-between-the-ages-of-1-and-16-reveals-the-annual-report\/\" class=\"w-grid-item-anchor\" aria-label=\"STEM initiatives impact only 1% of the total population between the ages of 1 and 16, reveals the Annual Report\"><\/a>\r\n\t\t\t\t\t\t<div class=\"w-post-elm post_image usg_post_image_1 stretched\"><img loading=\"lazy\" decoding=\"async\" width=\"800\" height=\"533\" src=\"https:\/\/www.stemwomen.eu\/wp-content\/uploads\/2026\/02\/I1A3765.jpg\" class=\"attachment-large size-large wp-post-image\" alt=\"\" srcset=\"https:\/\/www.stemwomen.eu\/wp-content\/uploads\/2026\/02\/I1A3765.jpg 800w, https:\/\/www.stemwomen.eu\/wp-content\/uploads\/2026\/02\/I1A3765-300x200.jpg 300w\" sizes=\"auto, (max-width: 800px) 100vw, 800px\" \/><\/div><div class=\"w-vwrapper usg_vwrapper_1 align_none valign_top\"><h2 class=\"w-post-elm post_title usg_post_title_1 has_text_color entry-title color_link_inherit\">STEM initiatives impact only 1% of the total population between the ages of 1 and 16, reveals the Annual Report<\/h2><div class=\"w-post-elm post_taxonomy usg_post_taxonomy_1 has_text_color style_simple color_link_inherit\"><a class=\"term-813 term-congreso-en\" href=\"https:\/\/www.stemwomen.eu\/en\/category\/congreso-en\/\">congreso<\/a><\/div><\/div>\t\t<\/div>\r\n\t\t\t<\/article>\r\n<\/div><div class=\"w-grid-preloader\">\t<div class=\"g-preloader type_1\">\r\n\t\t<div><\/div>\r\n\t<\/div>\r\n\t<\/div>\t<div class=\"w-grid-json hidden\" onclick='return {&quot;action&quot;:&quot;us_ajax_grid&quot;,&quot;infinite_scroll&quot;:0,&quot;max_num_pages&quot;:1,&quot;pagination&quot;:&quot;none&quot;,&quot;template_vars&quot;:{&quot;columns&quot;:&quot;4&quot;,&quot;exclude_items&quot;:&quot;none&quot;,&quot;img_size&quot;:&quot;default&quot;,&quot;ignore_items_size&quot;:0,&quot;items_layout&quot;:&quot;9341&quot;,&quot;items_offset&quot;:&quot;1&quot;,&quot;load_animation&quot;:&quot;afc&quot;,&quot;overriding_link&quot;:&quot;%7B%22type%22%3A%22post%22%7D&quot;,&quot;post_id&quot;:0,&quot;query_args&quot;:{&quot;posts_per_page&quot;:999},&quot;orderby_query_args&quot;:{&quot;orderby&quot;:{&quot;date&quot;:&quot;DESC&quot;}},&quot;type&quot;:&quot;grid&quot;,&quot;us_grid_post_type&quot;:&quot;iniciativa&quot;,&quot;us_grid_ajax_index&quot;:1,&quot;us_grid_filter_query_string&quot;:null,&quot;us_grid_index&quot;:1,&quot;page_args&quot;:[],&quot;lang&quot;:&quot;en&quot;}}'><\/div>\r\n\t<\/div><\/div><\/div><\/div><\/div><\/section>\n","protected":false},"excerpt":{"rendered":"STEM WOMEN CONGRESS BARCELONA 2021 The first day of\u00a0\u00a0the STEM Women Congress (SWC),\u00a0which has more than 400 registered for the two days, has presented the conclusions of\u00a0\u00a0the Annual Report 2020,\u00a0a study that analyzes the STEM initiatives carried out during 2020.\u00a0\u00a0\u00a0The first day of the SWC focused on the\u00a0initiatives developed\u00a0\u00a0to promote STEM at different stages, from...","protected":false},"author":1,"featured_media":6705,"parent":0,"menu_order":0,"comment_status":"closed","ping_status":"closed","template":"","meta":{"_acf_changed":false,"footnotes":""},"class_list":["post-6621","page","type-page","status-publish","has-post-thumbnail","hentry"],"acf":[],"yoast_head":"<!-- This site is optimized with the Yoast SEO plugin v24.3 - https:\/\/yoast.com\/wordpress\/plugins\/seo\/ -->\n<title>Iniciativas STEM - STEM Women Congress<\/title>\n<meta name=\"description\" content=\"\u00bfQu\u00e9 se est\u00e1 haciendo para motivar el talento femenino en el campo STEM? Este directorio incluir\u00e1 todas las iniciativas, privadas o p\u00fablicas, que ya se est\u00e1n trabajando.\" \/>\n<meta name=\"robots\" content=\"index, follow, max-snippet:-1, max-image-preview:large, max-video-preview:-1\" \/>\n<link rel=\"canonical\" href=\"https:\/\/www.stemwomen.eu\/en\/iniciativas-stem\/\" \/>\n<meta property=\"og:locale\" content=\"en_US\" \/>\n<meta property=\"og:type\" content=\"article\" \/>\n<meta property=\"og:title\" content=\"Iniciativas STEM - STEM Women Congress\" \/>\n<meta property=\"og:description\" content=\"\u00bfQu\u00e9 se est\u00e1 haciendo para motivar el talento femenino en el campo STEM? Este directorio incluir\u00e1 todas las iniciativas, privadas o p\u00fablicas, que ya se est\u00e1n trabajando.\" \/>\n<meta property=\"og:url\" content=\"https:\/\/www.stemwomen.eu\/en\/iniciativas-stem\/\" \/>\n<meta property=\"og:site_name\" content=\"StemWomen\" \/>\n<meta property=\"article:modified_time\" content=\"2023-02-06T16:06:50+00:00\" \/>\n<meta property=\"og:image\" content=\"https:\/\/www.stemwomen.eu\/wp-content\/uploads\/2020\/07\/STEM-iniciativas.jpg\" \/>\n\t<meta property=\"og:image:width\" content=\"600\" \/>\n\t<meta property=\"og:image:height\" content=\"400\" \/>\n\t<meta property=\"og:image:type\" content=\"image\/jpeg\" \/>\n<meta name=\"twitter:card\" content=\"summary_large_image\" \/>\n<meta name=\"twitter:site\" content=\"@StemwomenEurope\" \/>\n<meta name=\"twitter:label1\" content=\"Est. reading time\" \/>\n\t<meta name=\"twitter:data1\" content=\"1 minute\" \/>\n<script type=\"application\/ld+json\" class=\"yoast-schema-graph\">{\"@context\":\"https:\/\/schema.org\",\"@graph\":[{\"@type\":\"WebPage\",\"@id\":\"https:\/\/www.stemwomen.eu\/en\/iniciativas-stem\/\",\"url\":\"https:\/\/www.stemwomen.eu\/en\/iniciativas-stem\/\",\"name\":\"Iniciativas STEM - STEM Women Congress\",\"isPartOf\":{\"@id\":\"https:\/\/www.stemwomen.eu\/en\/#website\"},\"primaryImageOfPage\":{\"@id\":\"https:\/\/www.stemwomen.eu\/en\/iniciativas-stem\/#primaryimage\"},\"image\":{\"@id\":\"https:\/\/www.stemwomen.eu\/en\/iniciativas-stem\/#primaryimage\"},\"thumbnailUrl\":\"https:\/\/www.stemwomen.eu\/wp-content\/uploads\/2020\/07\/STEM-iniciativas.jpg\",\"datePublished\":\"2019-11-05T15:09:21+00:00\",\"dateModified\":\"2023-02-06T16:06:50+00:00\",\"description\":\"\u00bfQu\u00e9 se est\u00e1 haciendo para motivar el talento femenino en el campo STEM? Este directorio incluir\u00e1 todas las iniciativas, privadas o p\u00fablicas, que ya se est\u00e1n trabajando.\",\"breadcrumb\":{\"@id\":\"https:\/\/www.stemwomen.eu\/en\/iniciativas-stem\/#breadcrumb\"},\"inLanguage\":\"en-US\",\"potentialAction\":[{\"@type\":\"ReadAction\",\"target\":[\"https:\/\/www.stemwomen.eu\/en\/iniciativas-stem\/\"]}]},{\"@type\":\"ImageObject\",\"inLanguage\":\"en-US\",\"@id\":\"https:\/\/www.stemwomen.eu\/en\/iniciativas-stem\/#primaryimage\",\"url\":\"https:\/\/www.stemwomen.eu\/wp-content\/uploads\/2020\/07\/STEM-iniciativas.jpg\",\"contentUrl\":\"https:\/\/www.stemwomen.eu\/wp-content\/uploads\/2020\/07\/STEM-iniciativas.jpg\",\"width\":600,\"height\":400,\"caption\":\"Initiatives STEM\"},{\"@type\":\"BreadcrumbList\",\"@id\":\"https:\/\/www.stemwomen.eu\/en\/iniciativas-stem\/#breadcrumb\",\"itemListElement\":[{\"@type\":\"ListItem\",\"position\":1,\"name\":\"Portada\",\"item\":\"https:\/\/www.stemwomen.eu\/en\/\"},{\"@type\":\"ListItem\",\"position\":2,\"name\":\"Iniciativas STEM\"}]},{\"@type\":\"WebSite\",\"@id\":\"https:\/\/www.stemwomen.eu\/en\/#website\",\"url\":\"https:\/\/www.stemwomen.eu\/en\/\",\"name\":\"StemWomen\",\"description\":\"Crear oportunidades a trav\u00e9s de la ciencia\",\"publisher\":{\"@id\":\"https:\/\/www.stemwomen.eu\/en\/#organization\"},\"potentialAction\":[{\"@type\":\"SearchAction\",\"target\":{\"@type\":\"EntryPoint\",\"urlTemplate\":\"https:\/\/www.stemwomen.eu\/en\/?s={search_term_string}\"},\"query-input\":{\"@type\":\"PropertyValueSpecification\",\"valueRequired\":true,\"valueName\":\"search_term_string\"}}],\"inLanguage\":\"en-US\"},{\"@type\":\"Organization\",\"@id\":\"https:\/\/www.stemwomen.eu\/en\/#organization\",\"name\":\"STEM Women Congress\",\"url\":\"https:\/\/www.stemwomen.eu\/en\/\",\"logo\":{\"@type\":\"ImageObject\",\"inLanguage\":\"en-US\",\"@id\":\"https:\/\/www.stemwomen.eu\/en\/#\/schema\/logo\/image\/\",\"url\":\"https:\/\/stemwomen.eu\/wp-content\/uploads\/2019\/08\/Mesa-de-trabajo-2@120x-8.png\",\"contentUrl\":\"https:\/\/stemwomen.eu\/wp-content\/uploads\/2019\/08\/Mesa-de-trabajo-2@120x-8.png\",\"width\":1388,\"height\":343,\"caption\":\"STEM Women Congress\"},\"image\":{\"@id\":\"https:\/\/www.stemwomen.eu\/en\/#\/schema\/logo\/image\/\"},\"sameAs\":[\"https:\/\/x.com\/StemwomenEurope\"]}]}<\/script>\n<!-- \/ Yoast SEO plugin. -->","yoast_head_json":{"title":"Iniciativas STEM - STEM Women Congress","description":"\u00bfQu\u00e9 se est\u00e1 haciendo para motivar el talento femenino en el campo STEM? Este directorio incluir\u00e1 todas las iniciativas, privadas o p\u00fablicas, que ya se est\u00e1n trabajando.","robots":{"index":"index","follow":"follow","max-snippet":"max-snippet:-1","max-image-preview":"max-image-preview:large","max-video-preview":"max-video-preview:-1"},"canonical":"https:\/\/www.stemwomen.eu\/en\/iniciativas-stem\/","og_locale":"en_US","og_type":"article","og_title":"Iniciativas STEM - STEM Women Congress","og_description":"\u00bfQu\u00e9 se est\u00e1 haciendo para motivar el talento femenino en el campo STEM? Este directorio incluir\u00e1 todas las iniciativas, privadas o p\u00fablicas, que ya se est\u00e1n trabajando.","og_url":"https:\/\/www.stemwomen.eu\/en\/iniciativas-stem\/","og_site_name":"StemWomen","article_modified_time":"2023-02-06T16:06:50+00:00","og_image":[{"width":600,"height":400,"url":"https:\/\/www.stemwomen.eu\/wp-content\/uploads\/2020\/07\/STEM-iniciativas.jpg","type":"image\/jpeg"}],"twitter_card":"summary_large_image","twitter_site":"@StemwomenEurope","twitter_misc":{"Est. reading time":"1 minute"},"schema":{"@context":"https:\/\/schema.org","@graph":[{"@type":"WebPage","@id":"https:\/\/www.stemwomen.eu\/en\/iniciativas-stem\/","url":"https:\/\/www.stemwomen.eu\/en\/iniciativas-stem\/","name":"Iniciativas STEM - STEM Women Congress","isPartOf":{"@id":"https:\/\/www.stemwomen.eu\/en\/#website"},"primaryImageOfPage":{"@id":"https:\/\/www.stemwomen.eu\/en\/iniciativas-stem\/#primaryimage"},"image":{"@id":"https:\/\/www.stemwomen.eu\/en\/iniciativas-stem\/#primaryimage"},"thumbnailUrl":"https:\/\/www.stemwomen.eu\/wp-content\/uploads\/2020\/07\/STEM-iniciativas.jpg","datePublished":"2019-11-05T15:09:21+00:00","dateModified":"2023-02-06T16:06:50+00:00","description":"\u00bfQu\u00e9 se est\u00e1 haciendo para motivar el talento femenino en el campo STEM? Este directorio incluir\u00e1 todas las iniciativas, privadas o p\u00fablicas, que ya se est\u00e1n trabajando.","breadcrumb":{"@id":"https:\/\/www.stemwomen.eu\/en\/iniciativas-stem\/#breadcrumb"},"inLanguage":"en-US","potentialAction":[{"@type":"ReadAction","target":["https:\/\/www.stemwomen.eu\/en\/iniciativas-stem\/"]}]},{"@type":"ImageObject","inLanguage":"en-US","@id":"https:\/\/www.stemwomen.eu\/en\/iniciativas-stem\/#primaryimage","url":"https:\/\/www.stemwomen.eu\/wp-content\/uploads\/2020\/07\/STEM-iniciativas.jpg","contentUrl":"https:\/\/www.stemwomen.eu\/wp-content\/uploads\/2020\/07\/STEM-iniciativas.jpg","width":600,"height":400,"caption":"Initiatives STEM"},{"@type":"BreadcrumbList","@id":"https:\/\/www.stemwomen.eu\/en\/iniciativas-stem\/#breadcrumb","itemListElement":[{"@type":"ListItem","position":1,"name":"Portada","item":"https:\/\/www.stemwomen.eu\/en\/"},{"@type":"ListItem","position":2,"name":"Iniciativas STEM"}]},{"@type":"WebSite","@id":"https:\/\/www.stemwomen.eu\/en\/#website","url":"https:\/\/www.stemwomen.eu\/en\/","name":"StemWomen","description":"Crear oportunidades a trav\u00e9s de la ciencia","publisher":{"@id":"https:\/\/www.stemwomen.eu\/en\/#organization"},"potentialAction":[{"@type":"SearchAction","target":{"@type":"EntryPoint","urlTemplate":"https:\/\/www.stemwomen.eu\/en\/?s={search_term_string}"},"query-input":{"@type":"PropertyValueSpecification","valueRequired":true,"valueName":"search_term_string"}}],"inLanguage":"en-US"},{"@type":"Organization","@id":"https:\/\/www.stemwomen.eu\/en\/#organization","name":"STEM Women Congress","url":"https:\/\/www.stemwomen.eu\/en\/","logo":{"@type":"ImageObject","inLanguage":"en-US","@id":"https:\/\/www.stemwomen.eu\/en\/#\/schema\/logo\/image\/","url":"https:\/\/stemwomen.eu\/wp-content\/uploads\/2019\/08\/Mesa-de-trabajo-2@120x-8.png","contentUrl":"https:\/\/stemwomen.eu\/wp-content\/uploads\/2019\/08\/Mesa-de-trabajo-2@120x-8.png","width":1388,"height":343,"caption":"STEM Women Congress"},"image":{"@id":"https:\/\/www.stemwomen.eu\/en\/#\/schema\/logo\/image\/"},"sameAs":["https:\/\/x.com\/StemwomenEurope"]}]}},"_links":{"self":[{"href":"https:\/\/www.stemwomen.eu\/en\/wp-json\/wp\/v2\/pages\/6621","targetHints":{"allow":["GET"]}}],"collection":[{"href":"https:\/\/www.stemwomen.eu\/en\/wp-json\/wp\/v2\/pages"}],"about":[{"href":"https:\/\/www.stemwomen.eu\/en\/wp-json\/wp\/v2\/types\/page"}],"author":[{"embeddable":true,"href":"https:\/\/www.stemwomen.eu\/en\/wp-json\/wp\/v2\/users\/1"}],"replies":[{"embeddable":true,"href":"https:\/\/www.stemwomen.eu\/en\/wp-json\/wp\/v2\/comments?post=6621"}],"version-history":[{"count":4,"href":"https:\/\/www.stemwomen.eu\/en\/wp-json\/wp\/v2\/pages\/6621\/revisions"}],"predecessor-version":[{"id":11550,"href":"https:\/\/www.stemwomen.eu\/en\/wp-json\/wp\/v2\/pages\/6621\/revisions\/11550"}],"wp:featuredmedia":[{"embeddable":true,"href":"https:\/\/www.stemwomen.eu\/en\/wp-json\/wp\/v2\/media\/6705"}],"wp:attachment":[{"href":"https:\/\/www.stemwomen.eu\/en\/wp-json\/wp\/v2\/media?parent=6621"}],"curies":[{"name":"wp","href":"https:\/\/api.w.org\/{rel}","templated":true}]}}