{"id":14949,"date":"2019-07-31T09:07:07","date_gmt":"2019-07-31T09:07:07","guid":{"rendered":"https:\/\/www.stemwomen.eu\/contact\/"},"modified":"2026-03-10T08:05:39","modified_gmt":"2026-03-10T08:05:39","slug":"contact","status":"publish","type":"page","link":"https:\/\/www.stemwomen.eu\/ca\/contact\/","title":{"rendered":"Contact"},"content":{"rendered":"<section class=\"l-section wpb_row height_medium with_img parallax_ver\"><div class=\"l-section-img\" role=\"img\" data-img-width=\"1373\" data-img-height=\"783\" style=\"background-image: url(https:\/\/www.stemwomen.eu\/wp-content\/uploads\/2022\/04\/ondas-1.png);\"><\/div><div class=\"l-section-h i-cf\"><div class=\"g-cols vc_row via_grid cols_2 laptops-cols_inherit tablets-cols_inherit mobiles-cols_1 valign_top type_default stacking_default\"><div class=\"wpb_column vc_column_container us_custom_fc130bfd\"><div class=\"vc_column-inner\"><div class=\"wpb_text_column\"><div class=\"wpb_wrapper\"><h3>Contacte<\/h3>\n<p><strong>Si<\/strong><strong> voleu col\u00b7laborar amb l\u2019organitzaci\u00f3 del SWC, estem buscant patrocinadors. Per rebre el dossier de patrocini, empleneu el formulari seg\u00fcent i ens posarem en contacte amb vosaltres tan aviat com sigui possible. Si voleu ser ponent, tamb\u00e9 podeu utilitzar aquest mateix formulari, indicant l\u2019opci\u00f3 corresponent<\/strong><strong>.<\/strong><\/p>\n<p>info@stemwomen.eu<\/p>\n<\/div><\/div><\/div><\/div><div class=\"wpb_column vc_column_container us_custom_e3340e3b\"><div class=\"vc_column-inner\">\n<div class=\"wpcf7 no-js\" id=\"wpcf7-f15465-o1\" lang=\"es-ES\" dir=\"ltr\" data-wpcf7-id=\"15465\">\n<div class=\"screen-reader-response\"><p role=\"status\" aria-live=\"polite\" aria-atomic=\"true\"><\/p> <ul><\/ul><\/div>\n<form action=\"\/ca\/wp-json\/wp\/v2\/pages\/14949#wpcf7-f15465-o1\" method=\"post\" class=\"wpcf7-form init\" aria-label=\"Formulario de contacto\" novalidate=\"novalidate\" data-status=\"init\">\n<div style=\"display: none;\">\n<input type=\"hidden\" name=\"_wpcf7\" value=\"15465\" \/>\n<input type=\"hidden\" name=\"_wpcf7_version\" value=\"6.0.3\" \/>\n<input type=\"hidden\" name=\"_wpcf7_locale\" value=\"es_ES\" \/>\n<input type=\"hidden\" name=\"_wpcf7_unit_tag\" value=\"wpcf7-f15465-o1\" \/>\n<input type=\"hidden\" name=\"_wpcf7_container_post\" value=\"0\" \/>\n<input type=\"hidden\" name=\"_wpcf7_posted_data_hash\" value=\"\" \/>\n<input type=\"hidden\" name=\"_wpcf7_recaptcha_response\" value=\"\" \/>\n<\/div>\n<p><label> Empresa (requerit)<br \/>\n<span class=\"wpcf7-form-control-wrap\" data-name=\"company\"><input size=\"40\" maxlength=\"400\" class=\"wpcf7-form-control wpcf7-text wpcf7-validates-as-required\" aria-required=\"true\" aria-invalid=\"false\" value=\"\" type=\"text\" name=\"company\" \/><\/span> <\/label>\n<\/p>\n<p><label> Nom i cognoms (requerit)<br \/>\n<span class=\"wpcf7-form-control-wrap\" data-name=\"full\"><input size=\"40\" maxlength=\"400\" class=\"wpcf7-form-control wpcf7-text wpcf7-validates-as-required\" aria-required=\"true\" aria-invalid=\"false\" value=\"\" type=\"text\" name=\"full\" \/><\/span> <\/label>\n<\/p>\n<p><label> Email (requerit)<br \/>\n<span class=\"wpcf7-form-control-wrap\" data-name=\"your-email\"><input size=\"40\" maxlength=\"400\" class=\"wpcf7-form-control wpcf7-email wpcf7-validates-as-required wpcf7-text wpcf7-validates-as-email\" aria-required=\"true\" aria-invalid=\"false\" value=\"\" type=\"email\" name=\"your-email\" \/><\/span> <\/label>\n<\/p>\n<p><span class=\"wpcf7-form-control-wrap\" data-name=\"radio-318\"><span class=\"wpcf7-form-control wpcf7-radio\"><span class=\"wpcf7-list-item first\"><label><input type=\"radio\" name=\"radio-318\" value=\"Patrocinar\" checked=\"checked\" \/><span class=\"wpcf7-list-item-label\">Patrocinar<\/span><\/label><\/span><span class=\"wpcf7-list-item\"><label><input type=\"radio\" name=\"radio-318\" value=\"Participar\" \/><span class=\"wpcf7-list-item-label\">Participar<\/span><\/label><\/span><span class=\"wpcf7-list-item\"><label><input type=\"radio\" name=\"radio-318\" value=\"Voluntariat\" \/><span class=\"wpcf7-list-item-label\">Voluntariat<\/span><\/label><\/span><span class=\"wpcf7-list-item last\"><label><input type=\"radio\" name=\"radio-318\" value=\"Altres\" \/><span class=\"wpcf7-list-item-label\">Altres<\/span><\/label><\/span><\/span><\/span>\n<\/p>\n<p><label> El teu missatge<br \/>\n<span class=\"wpcf7-form-control-wrap\" data-name=\"your-message\"><textarea cols=\"40\" rows=\"10\" maxlength=\"2000\" class=\"wpcf7-form-control wpcf7-textarea\" aria-invalid=\"false\" name=\"your-message\"><\/textarea><\/span> <\/label>\n<\/p>\n<p><span class=\"wpcf7-form-control-wrap\" data-name=\"acceptance-373\"><span class=\"wpcf7-form-control wpcf7-acceptance\"><span class=\"wpcf7-list-item\"><label><input type=\"checkbox\" name=\"acceptance-373\" value=\"1\" aria-invalid=\"false\" \/><span class=\"wpcf7-list-item-label\">He llegit i accepto la <a href=\"https:\/\/stemwomen.eu\/privacy-policy\/\">Pol\u00edtica de Privacitat <\/a> i estic interessat\/da en rebre les comunicacions comercials per part de Launchin BCN S.L.<\/span><\/label><\/span><\/span><\/span>\n<\/p>\n<p><input class=\"wpcf7-form-control wpcf7-submit has-spinner\" type=\"submit\" value=\"Enviar\" \/>\n<\/p><div class=\"wpcf7-response-output\" aria-hidden=\"true\"><\/div>\n<\/form>\n<\/div>\n<\/div><\/div><\/div><\/div><\/section>\n","protected":false},"excerpt":{"rendered":"Contacte Si voleu col\u00b7laborar amb l\u2019organitzaci\u00f3 del SWC, estem buscant patrocinadors. Per rebre el dossier de patrocini, empleneu el formulari seg\u00fcent i ens posarem en contacte amb vosaltres tan aviat com sigui possible. Si voleu ser ponent, tamb\u00e9 podeu utilitzar aquest mateix formulari, indicant l\u2019opci\u00f3 corresponent. info@stemwomen.eu Empresa (requerit) Nom i cognoms (requerit) Email (requerit)...","protected":false},"author":1,"featured_media":0,"parent":0,"menu_order":0,"comment_status":"closed","ping_status":"closed","template":"","meta":{"_acf_changed":false,"footnotes":""},"class_list":["post-14949","page","type-page","status-publish","hentry"],"acf":[],"yoast_head":"<!-- This site is optimized with the Yoast SEO plugin v24.3 - https:\/\/yoast.com\/wordpress\/plugins\/seo\/ -->\n<title>Contact Stem Women Congress Barcelona<\/title>\n<meta name=\"description\" content=\"If you want to collaborate with the organization of SWC, we are looking for sponsors. To receive the sponsorship dossier, fill out the form below and we will contact you as soon as possible.\" \/>\n<meta name=\"robots\" content=\"index, follow, max-snippet:-1, max-image-preview:large, max-video-preview:-1\" \/>\n<link rel=\"canonical\" href=\"https:\/\/www.stemwomen.eu\/ca\/contact\/\" \/>\n<meta property=\"og:locale\" content=\"ca_ES\" \/>\n<meta property=\"og:type\" content=\"article\" \/>\n<meta property=\"og:title\" content=\"Contact Stem Women Congress Barcelona\" \/>\n<meta property=\"og:description\" content=\"If you want to collaborate with the organization of SWC, we are looking for sponsors. To receive the sponsorship dossier, fill out the form below and we will contact you as soon as possible.\" \/>\n<meta property=\"og:url\" content=\"https:\/\/www.stemwomen.eu\/ca\/contact\/\" \/>\n<meta property=\"og:site_name\" content=\"StemWomen\" \/>\n<meta property=\"article:modified_time\" content=\"2026-03-10T08:05:39+00:00\" \/>\n<meta name=\"twitter:card\" content=\"summary_large_image\" \/>\n<meta name=\"twitter:site\" content=\"@StemwomenEurope\" \/>\n<meta name=\"twitter:label1\" content=\"Temps estimat de lectura\" \/>\n\t<meta name=\"twitter:data1\" content=\"1 minut\" \/>\n<script type=\"application\/ld+json\" class=\"yoast-schema-graph\">{\"@context\":\"https:\/\/schema.org\",\"@graph\":[{\"@type\":\"WebPage\",\"@id\":\"https:\/\/www.stemwomen.eu\/ca\/contact\/\",\"url\":\"https:\/\/www.stemwomen.eu\/ca\/contact\/\",\"name\":\"Contact Stem Women Congress Barcelona\",\"isPartOf\":{\"@id\":\"https:\/\/www.stemwomen.eu\/ca\/#website\"},\"datePublished\":\"2019-07-31T09:07:07+00:00\",\"dateModified\":\"2026-03-10T08:05:39+00:00\",\"description\":\"If you want to collaborate with the organization of SWC, we are looking for sponsors. To receive the sponsorship dossier, fill out the form below and we will contact you as soon as possible.\",\"breadcrumb\":{\"@id\":\"https:\/\/www.stemwomen.eu\/ca\/contact\/#breadcrumb\"},\"inLanguage\":\"ca\",\"potentialAction\":[{\"@type\":\"ReadAction\",\"target\":[\"https:\/\/www.stemwomen.eu\/ca\/contact\/\"]}]},{\"@type\":\"BreadcrumbList\",\"@id\":\"https:\/\/www.stemwomen.eu\/ca\/contact\/#breadcrumb\",\"itemListElement\":[{\"@type\":\"ListItem\",\"position\":1,\"name\":\"Portada\",\"item\":\"https:\/\/www.stemwomen.eu\/ca\/\"},{\"@type\":\"ListItem\",\"position\":2,\"name\":\"Contact\"}]},{\"@type\":\"WebSite\",\"@id\":\"https:\/\/www.stemwomen.eu\/ca\/#website\",\"url\":\"https:\/\/www.stemwomen.eu\/ca\/\",\"name\":\"StemWomen\",\"description\":\"Crear oportunidades a trav\u00e9s de la ciencia\",\"publisher\":{\"@id\":\"https:\/\/www.stemwomen.eu\/ca\/#organization\"},\"potentialAction\":[{\"@type\":\"SearchAction\",\"target\":{\"@type\":\"EntryPoint\",\"urlTemplate\":\"https:\/\/www.stemwomen.eu\/ca\/?s={search_term_string}\"},\"query-input\":{\"@type\":\"PropertyValueSpecification\",\"valueRequired\":true,\"valueName\":\"search_term_string\"}}],\"inLanguage\":\"ca\"},{\"@type\":\"Organization\",\"@id\":\"https:\/\/www.stemwomen.eu\/ca\/#organization\",\"name\":\"STEM Women Congress\",\"url\":\"https:\/\/www.stemwomen.eu\/ca\/\",\"logo\":{\"@type\":\"ImageObject\",\"inLanguage\":\"ca\",\"@id\":\"https:\/\/www.stemwomen.eu\/ca\/#\/schema\/logo\/image\/\",\"url\":\"https:\/\/stemwomen.eu\/wp-content\/uploads\/2019\/08\/Mesa-de-trabajo-2@120x-8.png\",\"contentUrl\":\"https:\/\/stemwomen.eu\/wp-content\/uploads\/2019\/08\/Mesa-de-trabajo-2@120x-8.png\",\"width\":1388,\"height\":343,\"caption\":\"STEM Women Congress\"},\"image\":{\"@id\":\"https:\/\/www.stemwomen.eu\/ca\/#\/schema\/logo\/image\/\"},\"sameAs\":[\"https:\/\/x.com\/StemwomenEurope\"]}]}<\/script>\n<!-- \/ Yoast SEO plugin. -->","yoast_head_json":{"title":"Contact Stem Women Congress Barcelona","description":"If you want to collaborate with the organization of SWC, we are looking for sponsors. To receive the sponsorship dossier, fill out the form below and we will contact you as soon as possible.","robots":{"index":"index","follow":"follow","max-snippet":"max-snippet:-1","max-image-preview":"max-image-preview:large","max-video-preview":"max-video-preview:-1"},"canonical":"https:\/\/www.stemwomen.eu\/ca\/contact\/","og_locale":"ca_ES","og_type":"article","og_title":"Contact Stem Women Congress Barcelona","og_description":"If you want to collaborate with the organization of SWC, we are looking for sponsors. To receive the sponsorship dossier, fill out the form below and we will contact you as soon as possible.","og_url":"https:\/\/www.stemwomen.eu\/ca\/contact\/","og_site_name":"StemWomen","article_modified_time":"2026-03-10T08:05:39+00:00","twitter_card":"summary_large_image","twitter_site":"@StemwomenEurope","twitter_misc":{"Temps estimat de lectura":"1 minut"},"schema":{"@context":"https:\/\/schema.org","@graph":[{"@type":"WebPage","@id":"https:\/\/www.stemwomen.eu\/ca\/contact\/","url":"https:\/\/www.stemwomen.eu\/ca\/contact\/","name":"Contact Stem Women Congress Barcelona","isPartOf":{"@id":"https:\/\/www.stemwomen.eu\/ca\/#website"},"datePublished":"2019-07-31T09:07:07+00:00","dateModified":"2026-03-10T08:05:39+00:00","description":"If you want to collaborate with the organization of SWC, we are looking for sponsors. To receive the sponsorship dossier, fill out the form below and we will contact you as soon as possible.","breadcrumb":{"@id":"https:\/\/www.stemwomen.eu\/ca\/contact\/#breadcrumb"},"inLanguage":"ca","potentialAction":[{"@type":"ReadAction","target":["https:\/\/www.stemwomen.eu\/ca\/contact\/"]}]},{"@type":"BreadcrumbList","@id":"https:\/\/www.stemwomen.eu\/ca\/contact\/#breadcrumb","itemListElement":[{"@type":"ListItem","position":1,"name":"Portada","item":"https:\/\/www.stemwomen.eu\/ca\/"},{"@type":"ListItem","position":2,"name":"Contact"}]},{"@type":"WebSite","@id":"https:\/\/www.stemwomen.eu\/ca\/#website","url":"https:\/\/www.stemwomen.eu\/ca\/","name":"StemWomen","description":"Crear oportunidades a trav\u00e9s de la ciencia","publisher":{"@id":"https:\/\/www.stemwomen.eu\/ca\/#organization"},"potentialAction":[{"@type":"SearchAction","target":{"@type":"EntryPoint","urlTemplate":"https:\/\/www.stemwomen.eu\/ca\/?s={search_term_string}"},"query-input":{"@type":"PropertyValueSpecification","valueRequired":true,"valueName":"search_term_string"}}],"inLanguage":"ca"},{"@type":"Organization","@id":"https:\/\/www.stemwomen.eu\/ca\/#organization","name":"STEM Women Congress","url":"https:\/\/www.stemwomen.eu\/ca\/","logo":{"@type":"ImageObject","inLanguage":"ca","@id":"https:\/\/www.stemwomen.eu\/ca\/#\/schema\/logo\/image\/","url":"https:\/\/stemwomen.eu\/wp-content\/uploads\/2019\/08\/Mesa-de-trabajo-2@120x-8.png","contentUrl":"https:\/\/stemwomen.eu\/wp-content\/uploads\/2019\/08\/Mesa-de-trabajo-2@120x-8.png","width":1388,"height":343,"caption":"STEM Women Congress"},"image":{"@id":"https:\/\/www.stemwomen.eu\/ca\/#\/schema\/logo\/image\/"},"sameAs":["https:\/\/x.com\/StemwomenEurope"]}]}},"_links":{"self":[{"href":"https:\/\/www.stemwomen.eu\/ca\/wp-json\/wp\/v2\/pages\/14949","targetHints":{"allow":["GET"]}}],"collection":[{"href":"https:\/\/www.stemwomen.eu\/ca\/wp-json\/wp\/v2\/pages"}],"about":[{"href":"https:\/\/www.stemwomen.eu\/ca\/wp-json\/wp\/v2\/types\/page"}],"author":[{"embeddable":true,"href":"https:\/\/www.stemwomen.eu\/ca\/wp-json\/wp\/v2\/users\/1"}],"replies":[{"embeddable":true,"href":"https:\/\/www.stemwomen.eu\/ca\/wp-json\/wp\/v2\/comments?post=14949"}],"version-history":[{"count":4,"href":"https:\/\/www.stemwomen.eu\/ca\/wp-json\/wp\/v2\/pages\/14949\/revisions"}],"predecessor-version":[{"id":15466,"href":"https:\/\/www.stemwomen.eu\/ca\/wp-json\/wp\/v2\/pages\/14949\/revisions\/15466"}],"wp:attachment":[{"href":"https:\/\/www.stemwomen.eu\/ca\/wp-json\/wp\/v2\/media?parent=14949"}],"curies":[{"name":"wp","href":"https:\/\/api.w.org\/{rel}","templated":true}]}}